{"id":483,"date":"2025-08-19T15:20:26","date_gmt":"2025-08-19T13:20:26","guid":{"rendered":"https:\/\/ontime-timing.com\/?page_id=483"},"modified":"2025-12-03T23:32:03","modified_gmt":"2025-12-03T21:32:03","slug":"nase-usluge","status":"publish","type":"page","link":"https:\/\/ontime-timing.com\/en\/nase-usluge\/","title":{"rendered":"Our services"},"content":{"rendered":"<p class=\"\"><strong>OnTime<\/strong> offers complete solutions for timing and support to sports event organizers. From mass races to elite athletics championships, our goal is to provide athletes and organizers with precision, reliability, and professional standards.<\/p>\n\n\n\n<h4 class=\"wp-block-heading\"><strong>Professional Chip Timing (MYLAPS)<\/strong><\/h4>\n\n\n\n<ul class=\"wp-block-list\">\n<li class=\"\">MYLAPS BibTag Smart Decoder sistemi sa podnim i bo\u010dnim antenama prilago\u0111eni vrsti doga\u0111aja i terenu,<\/li>\n\n\n\n<li class=\"\">Reliable timing at the start, finish, and all intermediate checkpoints,<\/li>\n\n\n\n<li class=\"\">Remote timing options (checkpoints) for trail, cycling, and long-distance races,<\/li>\n\n\n\n<li class=\"\">Multisport tags for triathlons, swimming, and OCR competitions.<\/li>\n<\/ul>\n\n\n\n<h4 class=\"wp-block-heading\"><strong>Photofinish i atletska takmi\u010denja (FinishLynx)<\/strong><\/h4>\n\n\n\n<ul class=\"wp-block-list\">\n<li class=\"\"><strong>Photofinish<\/strong> kamera sa precizno\u0161\u0107u do 0.001 sekunde,<\/li>\n\n\n\n<li class=\"\">Full compliance with international athletics federation rules,<\/li>\n\n\n\n<li class=\"\">Official results for national and international championships,<\/li>\n\n\n\n<li class=\"\">Versatile application in other sports: equestrian and cycling races, ice skating, motorsports, and skiing disciplines.<\/li>\n<\/ul>\n\n\n\n<h4 class=\"wp-block-heading\"><strong>Manual Timing<\/strong><\/h4>\n\n\n\n<ul class=\"wp-block-list\">\n<li class=\"\">OnTime mobile app for manual entry of athlete passages,<\/li>\n\n\n\n<li class=\"\">Ideal solution for smaller and local competitions,<\/li>\n\n\n\n<li class=\"\">Support for remote checkpoints with direct integration into the system,<\/li>\n\n\n\n<li class=\"\">Fast and easy synchronization with official results.<\/li>\n<\/ul>\n\n\n\n<h4 class=\"wp-block-heading\"><strong>Infrastructure and Equipment<\/strong><\/h4>\n\n\n\n<ul class=\"wp-block-list\">\n<li class=\"\">Inflatable start\/finish gates (arches) of 4 m and 5 m, fully brandable to organizers\u2019 specifications,<\/li>\n\n\n\n<li class=\"\">LED display for showing time at the start\/finish,<\/li>\n\n\n\n<li class=\"\">Option to mount LED displays on vehicles for mobile use.<\/li>\n<\/ul>\n\n\n\n<h4 class=\"wp-block-heading\"><strong>Participant Registration and Race Numbers<\/strong><\/h4>\n\n\n\n<ul class=\"wp-block-list\">\n<li class=\"\">Online registration via <strong>ontime-timing.com<\/strong>,<\/li>\n\n\n\n<li class=\"\">Customizable registration forms according to organizers\u2019 requirements,<\/li>\n\n\n\n<li class=\"\">Organizer profile for event management and payment tracking,<\/li>\n\n\n\n<li class=\"\">Race numbers made of Pretex material, designed according to the organizer\u2019s specifications,<\/li>\n\n\n\n<li class=\"\">Personalizacija startnih brojeva (ime i prezime, klub, itd.),<\/li>\n\n\n\n<li class=\"\">Option to integrate QR codes on race numbers for quick result checking.<\/li>\n<\/ul>\n\n\n\n<h4 class=\"wp-block-heading\"><strong>Results and Data Processing<\/strong><\/h4>\n\n\n\n<ul class=\"wp-block-list\">\n<li class=\"\">Live results available online in real time,<\/li>\n\n\n\n<li class=\"\">Category-based results according to organizer or federation rules,<\/li>\n\n\n\n<li class=\"\">Final processing and export of results in PDF, Excel, HTML, or CSV formats,<\/li>\n\n\n\n<li class=\"\">Results display on large screens and mobile devices,<\/li>\n\n\n\n<li class=\"\">Personalized result display on external LED boards.<\/li>\n<\/ul>\n\n\n\n<h4 class=\"wp-block-heading\"><strong>Additional Services<\/strong><\/h4>\n\n\n\n<ul class=\"wp-block-list\">\n<li class=\"\">Consulting and technical support in planning and organizing sports events,<\/li>\n\n\n\n<li class=\"\">Connections with partners for organizers\u2019 additional needs (t-shirts, medals, technical equipment),<\/li>\n\n\n\n<li class=\"\">Full integration with result-processing software in line with international timing standards,<\/li>\n\n\n\n<li class=\"\">Professional staff with more than 30 years of experience in sports event organization and timing.<\/li>\n<\/ul>\n\n\n\n<p class=\"\"><\/p>","protected":false},"excerpt":{"rendered":"<p>OnTime nudi kompletna rje\u0161enja za mjerenje vremena i podr\u0161ku organizatorima sportskih doga\u0111aja. Od masovnih utrka do elitnih atletskih prvenstava, na\u0161 cilj je da takmi\u010darima i organizatorima osiguramo preciznost, pouzdanost i profesionalan standard. Profesionalno \u010dip mjerenje vremena (MYLAPS) Photofinish i atletska takmi\u010denja (FinishLynx) Ru\u010dno mjerenje vremena Infrastruktura i oprema Registracija u\u010desnika i startni brojevi Rezultati i [&hellip;]<\/p>","protected":false},"author":2,"featured_media":0,"parent":0,"menu_order":0,"comment_status":"closed","ping_status":"closed","template":"","meta":{"footnotes":""},"class_list":["post-483","page","type-page","status-publish","hentry"],"yoast_head":"<!-- This site is optimized with the Yoast SEO plugin v27.5 - https:\/\/yoast.com\/product\/yoast-seo-wordpress\/ -->\n<title>Na\u0161e usluge - OnTime Timing<\/title>\n<meta name=\"robots\" content=\"index, follow, max-snippet:-1, max-image-preview:large, max-video-preview:-1\" \/>\n<link rel=\"canonical\" href=\"https:\/\/ontime-timing.com\/en\/nase-usluge\/\" \/>\n<meta property=\"og:locale\" content=\"en_GB\" \/>\n<meta property=\"og:type\" content=\"article\" \/>\n<meta property=\"og:title\" content=\"Na\u0161e usluge - OnTime Timing\" \/>\n<meta property=\"og:description\" content=\"OnTime nudi kompletna rje\u0161enja za mjerenje vremena i podr\u0161ku organizatorima sportskih doga\u0111aja. Od masovnih utrka do elitnih atletskih prvenstava, na\u0161 cilj je da takmi\u010darima i organizatorima osiguramo preciznost, pouzdanost i profesionalan standard. Profesionalno \u010dip mjerenje vremena (MYLAPS) Photofinish i atletska takmi\u010denja (FinishLynx) Ru\u010dno mjerenje vremena Infrastruktura i oprema Registracija u\u010desnika i startni brojevi Rezultati i [&hellip;]\" \/>\n<meta property=\"og:url\" content=\"https:\/\/ontime-timing.com\/en\/nase-usluge\/\" \/>\n<meta property=\"og:site_name\" content=\"OnTime Timing\" \/>\n<meta property=\"article:publisher\" content=\"https:\/\/www.facebook.com\/OnTimeBiH\" \/>\n<meta property=\"article:modified_time\" content=\"2025-12-03T21:32:03+00:00\" \/>\n<meta property=\"og:image\" content=\"https:\/\/i0.wp.com\/ontime-timing.com\/wp-content\/uploads\/2025\/07\/cropped-image001-1.webp?fit=512%2C512&ssl=1\" \/>\n\t<meta property=\"og:image:width\" content=\"512\" \/>\n\t<meta property=\"og:image:height\" content=\"512\" \/>\n\t<meta property=\"og:image:type\" content=\"image\/webp\" \/>\n<meta name=\"twitter:card\" content=\"summary_large_image\" \/>\n<meta name=\"twitter:label1\" content=\"Estimated reading time\" \/>\n\t<meta name=\"twitter:data1\" content=\"2 minutes\" \/>\n<script type=\"application\/ld+json\" class=\"yoast-schema-graph\">{\"@context\":\"https:\\\/\\\/schema.org\",\"@graph\":[{\"@type\":\"WebPage\",\"@id\":\"https:\\\/\\\/ontime-timing.com\\\/nase-usluge\\\/\",\"url\":\"https:\\\/\\\/ontime-timing.com\\\/nase-usluge\\\/\",\"name\":\"Na\u0161e usluge - OnTime Timing\",\"isPartOf\":{\"@id\":\"https:\\\/\\\/ontime-timing.com\\\/#website\"},\"datePublished\":\"2025-08-19T13:20:26+00:00\",\"dateModified\":\"2025-12-03T21:32:03+00:00\",\"breadcrumb\":{\"@id\":\"https:\\\/\\\/ontime-timing.com\\\/nase-usluge\\\/#breadcrumb\"},\"inLanguage\":\"en-GB\",\"potentialAction\":[{\"@type\":\"ReadAction\",\"target\":[\"https:\\\/\\\/ontime-timing.com\\\/nase-usluge\\\/\"]}]},{\"@type\":\"BreadcrumbList\",\"@id\":\"https:\\\/\\\/ontime-timing.com\\\/nase-usluge\\\/#breadcrumb\",\"itemListElement\":[{\"@type\":\"ListItem\",\"position\":1,\"name\":\"Home\",\"item\":\"https:\\\/\\\/ontime-timing.com\\\/\"},{\"@type\":\"ListItem\",\"position\":2,\"name\":\"Na\u0161e usluge\"}]},{\"@type\":\"WebSite\",\"@id\":\"https:\\\/\\\/ontime-timing.com\\\/#website\",\"url\":\"https:\\\/\\\/ontime-timing.com\\\/\",\"name\":\"OnTime Timing\",\"description\":\"OnTime provides race timing services for all types of sport events\",\"publisher\":{\"@id\":\"https:\\\/\\\/ontime-timing.com\\\/#organization\"},\"alternateName\":\"OnTime\",\"potentialAction\":[{\"@type\":\"SearchAction\",\"target\":{\"@type\":\"EntryPoint\",\"urlTemplate\":\"https:\\\/\\\/ontime-timing.com\\\/?s={search_term_string}\"},\"query-input\":{\"@type\":\"PropertyValueSpecification\",\"valueRequired\":true,\"valueName\":\"search_term_string\"}}],\"inLanguage\":\"en-GB\"},{\"@type\":\"Organization\",\"@id\":\"https:\\\/\\\/ontime-timing.com\\\/#organization\",\"name\":\"OnTime Timing\",\"alternateName\":\"OnTime\",\"url\":\"https:\\\/\\\/ontime-timing.com\\\/\",\"logo\":{\"@type\":\"ImageObject\",\"inLanguage\":\"en-GB\",\"@id\":\"https:\\\/\\\/ontime-timing.com\\\/#\\\/schema\\\/logo\\\/image\\\/\",\"url\":\"https:\\\/\\\/i0.wp.com\\\/ontime-timing.com\\\/wp-content\\\/uploads\\\/2025\\\/06\\\/image001.png?fit=500%2C500&ssl=1\",\"contentUrl\":\"https:\\\/\\\/i0.wp.com\\\/ontime-timing.com\\\/wp-content\\\/uploads\\\/2025\\\/06\\\/image001.png?fit=500%2C500&ssl=1\",\"width\":500,\"height\":500,\"caption\":\"OnTime Timing\"},\"image\":{\"@id\":\"https:\\\/\\\/ontime-timing.com\\\/#\\\/schema\\\/logo\\\/image\\\/\"},\"sameAs\":[\"https:\\\/\\\/www.facebook.com\\\/OnTimeBiH\",\"https:\\\/\\\/www.instagram.com\\\/ontimetimingbih\"]}]}<\/script>\n<!-- \/ Yoast SEO plugin. -->","yoast_head_json":{"title":"Na\u0161e usluge - OnTime Timing","robots":{"index":"index","follow":"follow","max-snippet":"max-snippet:-1","max-image-preview":"max-image-preview:large","max-video-preview":"max-video-preview:-1"},"canonical":"https:\/\/ontime-timing.com\/en\/nase-usluge\/","og_locale":"en_GB","og_type":"article","og_title":"Na\u0161e usluge - OnTime Timing","og_description":"OnTime nudi kompletna rje\u0161enja za mjerenje vremena i podr\u0161ku organizatorima sportskih doga\u0111aja. Od masovnih utrka do elitnih atletskih prvenstava, na\u0161 cilj je da takmi\u010darima i organizatorima osiguramo preciznost, pouzdanost i profesionalan standard. Profesionalno \u010dip mjerenje vremena (MYLAPS) Photofinish i atletska takmi\u010denja (FinishLynx) Ru\u010dno mjerenje vremena Infrastruktura i oprema Registracija u\u010desnika i startni brojevi Rezultati i [&hellip;]","og_url":"https:\/\/ontime-timing.com\/en\/nase-usluge\/","og_site_name":"OnTime Timing","article_publisher":"https:\/\/www.facebook.com\/OnTimeBiH","article_modified_time":"2025-12-03T21:32:03+00:00","og_image":[{"width":512,"height":512,"url":"https:\/\/i0.wp.com\/ontime-timing.com\/wp-content\/uploads\/2025\/07\/cropped-image001-1.webp?fit=512%2C512&ssl=1","type":"image\/webp"}],"twitter_card":"summary_large_image","twitter_misc":{"Estimated reading time":"2 minutes"},"schema":{"@context":"https:\/\/schema.org","@graph":[{"@type":"WebPage","@id":"https:\/\/ontime-timing.com\/nase-usluge\/","url":"https:\/\/ontime-timing.com\/nase-usluge\/","name":"Na\u0161e usluge - OnTime Timing","isPartOf":{"@id":"https:\/\/ontime-timing.com\/#website"},"datePublished":"2025-08-19T13:20:26+00:00","dateModified":"2025-12-03T21:32:03+00:00","breadcrumb":{"@id":"https:\/\/ontime-timing.com\/nase-usluge\/#breadcrumb"},"inLanguage":"en-GB","potentialAction":[{"@type":"ReadAction","target":["https:\/\/ontime-timing.com\/nase-usluge\/"]}]},{"@type":"BreadcrumbList","@id":"https:\/\/ontime-timing.com\/nase-usluge\/#breadcrumb","itemListElement":[{"@type":"ListItem","position":1,"name":"Home","item":"https:\/\/ontime-timing.com\/"},{"@type":"ListItem","position":2,"name":"Na\u0161e usluge"}]},{"@type":"WebSite","@id":"https:\/\/ontime-timing.com\/#website","url":"https:\/\/ontime-timing.com\/","name":"OnTime Timing","description":"OnTime provides race timing services for all types of sport events","publisher":{"@id":"https:\/\/ontime-timing.com\/#organization"},"alternateName":"OnTime","potentialAction":[{"@type":"SearchAction","target":{"@type":"EntryPoint","urlTemplate":"https:\/\/ontime-timing.com\/?s={search_term_string}"},"query-input":{"@type":"PropertyValueSpecification","valueRequired":true,"valueName":"search_term_string"}}],"inLanguage":"en-GB"},{"@type":"Organization","@id":"https:\/\/ontime-timing.com\/#organization","name":"OnTime Timing","alternateName":"OnTime","url":"https:\/\/ontime-timing.com\/","logo":{"@type":"ImageObject","inLanguage":"en-GB","@id":"https:\/\/ontime-timing.com\/#\/schema\/logo\/image\/","url":"https:\/\/i0.wp.com\/ontime-timing.com\/wp-content\/uploads\/2025\/06\/image001.png?fit=500%2C500&ssl=1","contentUrl":"https:\/\/i0.wp.com\/ontime-timing.com\/wp-content\/uploads\/2025\/06\/image001.png?fit=500%2C500&ssl=1","width":500,"height":500,"caption":"OnTime Timing"},"image":{"@id":"https:\/\/ontime-timing.com\/#\/schema\/logo\/image\/"},"sameAs":["https:\/\/www.facebook.com\/OnTimeBiH","https:\/\/www.instagram.com\/ontimetimingbih"]}]}},"jetpack_sharing_enabled":true,"_links":{"self":[{"href":"https:\/\/ontime-timing.com\/en\/wp-json\/wp\/v2\/pages\/483","targetHints":{"allow":["GET"]}}],"collection":[{"href":"https:\/\/ontime-timing.com\/en\/wp-json\/wp\/v2\/pages"}],"about":[{"href":"https:\/\/ontime-timing.com\/en\/wp-json\/wp\/v2\/types\/page"}],"author":[{"embeddable":true,"href":"https:\/\/ontime-timing.com\/en\/wp-json\/wp\/v2\/users\/2"}],"replies":[{"embeddable":true,"href":"https:\/\/ontime-timing.com\/en\/wp-json\/wp\/v2\/comments?post=483"}],"version-history":[{"count":10,"href":"https:\/\/ontime-timing.com\/en\/wp-json\/wp\/v2\/pages\/483\/revisions"}],"predecessor-version":[{"id":1140,"href":"https:\/\/ontime-timing.com\/en\/wp-json\/wp\/v2\/pages\/483\/revisions\/1140"}],"wp:attachment":[{"href":"https:\/\/ontime-timing.com\/en\/wp-json\/wp\/v2\/media?parent=483"}],"curies":[{"name":"wp","href":"https:\/\/api.w.org\/{rel}","templated":true}]}}